{"id":6119,"date":"2025-12-09T09:24:56","date_gmt":"2025-12-09T09:24:56","guid":{"rendered":"https:\/\/www.esecegroup.com\/politica-de-qualitat-i-medi-ambient\/"},"modified":"2026-02-02T09:49:27","modified_gmt":"2026-02-02T09:49:27","slug":"politica-de-qualitat-i-medi-ambient","status":"publish","type":"page","link":"https:\/\/www.esecegroup.com\/ca\/politica-de-qualitat-i-medi-ambient\/","title":{"rendered":"Pol\u00edtica de qualitat i Medi ambient"},"content":{"rendered":"\n<p>\u00c9SEC\u00c8 GROUP, en la seva activitat de disseny, fabricaci\u00f3, venda, manteniment, instal\u00b7laci\u00f3 i legalitzaci\u00f3 de caldereria i fred industrial, t\u00e9 per principi d&#8217;actuaci\u00f3 un comprom\u00eds creixent i continu per la satisfacci\u00f3 total del client i el respecte pel medi ambient, assegurant en tot moment el compliment dels requisits del client, legals i\/o reglamentaris.<\/p>\n\n<p>Per aix\u00f2, la Direcci\u00f3 d&#8217;\u00c9SEC\u00c8 GROUP est\u00e0 compromesa amb el lideratge del seu sistema de gesti\u00f3 integrat de qualitat i medi ambient basat en les directrius seg\u00fcents:<\/p>\n\n<ol start=\"1\" class=\"wp-block-list\">\n<li>Compliment dels requisits legals ambientals i altres aplicables, aix\u00ed com altres requisits que l&#8217;organitzaci\u00f3 subscrigui.<\/li>\n\n\n\n<li>Comprom\u00eds de Satisfacci\u00f3 del Client i necessitats i expectatives de les parts interessades.<\/li>\n\n\n\n<li>Comprom\u00eds de millora cont\u00ednua, establint i verificant el compliment dels objectius i les metes anuals.<\/li>\n\n\n\n<li>Foment de la responsabilitat envers el medi ambient a tots els nivells de l&#8217;empresa, facilitant una formaci\u00f3 adequada a tot el personal.<\/li>\n\n\n\n<li>Prevenci\u00f3, control i minimitzaci\u00f3 dels efectes ambientals generats a l&#8217;entorn i derivats de l&#8217;activitat d&#8217;\u00c9SEC\u00c8, incl\u00f2s el control de la contaminaci\u00f3.<\/li>\n\n\n\n<li>Promoci\u00f3 de la implantaci\u00f3 de programes de segregaci\u00f3 en origen de residus, per afavorir-ne la posterior reutilitzaci\u00f3 i\/o adequada eliminaci\u00f3.<\/li>\n\n\n\n<li>Incorporaci\u00f3 tant a la planificaci\u00f3 estrat\u00e8gica, com als programes d&#8217;inversions, de consideracions de car\u00e0cter ambiental.<\/li>\n\n\n\n<li>Comprom\u00eds d&#8217;informaci\u00f3 a parts interessades.<\/li>\n\n\n\n<li>Selecci\u00f3 de prove\u00efdors i subcontractistes sobre la base de criteris de qualitat i ambientals.<\/li>\n\n\n\n<li>Col\u00b7laboraci\u00f3 amb les autoritats mediambientals.<\/li>\n<\/ol>\n\n<p>La Direcci\u00f3 es compromet a facilitar els recursos humans i la infraestructura necessaris per complir els requisits, els objectius i millorar cont\u00ednuament l&#8217;efic\u00e0cia del nostre Sistema Integrat.<\/p>\n\n<p>ESECE Soluciones Industriales, S.L.<\/p>\n\n<p>24 de desembre de 2025<\/p>\n","protected":false},"excerpt":{"rendered":"<p>\u00c9SEC\u00c8 GROUP, en la seva activitat de disseny, fabricaci\u00f3, venda, manteniment, instal\u00b7laci\u00f3 i legalitzaci\u00f3 de caldereria i fred industrial, t\u00e9 per principi d&#8217;actuaci\u00f3 un comprom\u00eds creixent i continu per la satisfacci\u00f3 total del client i el respecte pel medi ambient, assegurant en tot moment el compliment dels requisits del client, legals i\/o reglamentaris. Per aix\u00f2, [&hellip;]<\/p>\n","protected":false},"author":3,"featured_media":0,"parent":0,"menu_order":0,"comment_status":"closed","ping_status":"closed","template":"","meta":{"inline_featured_image":false,"footnotes":""},"class_list":["post-6119","page","type-page","status-publish","hentry"],"_links":{"self":[{"href":"https:\/\/www.esecegroup.com\/ca\/wp-json\/wp\/v2\/pages\/6119","targetHints":{"allow":["GET"]}}],"collection":[{"href":"https:\/\/www.esecegroup.com\/ca\/wp-json\/wp\/v2\/pages"}],"about":[{"href":"https:\/\/www.esecegroup.com\/ca\/wp-json\/wp\/v2\/types\/page"}],"author":[{"embeddable":true,"href":"https:\/\/www.esecegroup.com\/ca\/wp-json\/wp\/v2\/users\/3"}],"replies":[{"embeddable":true,"href":"https:\/\/www.esecegroup.com\/ca\/wp-json\/wp\/v2\/comments?post=6119"}],"version-history":[{"count":2,"href":"https:\/\/www.esecegroup.com\/ca\/wp-json\/wp\/v2\/pages\/6119\/revisions"}],"predecessor-version":[{"id":6288,"href":"https:\/\/www.esecegroup.com\/ca\/wp-json\/wp\/v2\/pages\/6119\/revisions\/6288"}],"wp:attachment":[{"href":"https:\/\/www.esecegroup.com\/ca\/wp-json\/wp\/v2\/media?parent=6119"}],"curies":[{"name":"wp","href":"https:\/\/api.w.org\/{rel}","templated":true}]}}