{"id":3,"date":"2020-09-25T11:24:58","date_gmt":"2020-09-25T11:24:58","guid":{"rendered":"http:\/\/esece.crealogica.eu\/?page_id=3"},"modified":"2025-12-10T11:23:56","modified_gmt":"2025-12-10T11:23:56","slug":"politica-privacidad","status":"publish","type":"page","link":"https:\/\/www.esecegroup.com\/es\/politica-privacidad\/","title":{"rendered":"Pol\u00edtica de privacidad"},"content":{"rendered":"\n<p>El prop\u00f3sito de este <strong>Aviso Legal<\/strong>, es informar a los usuarios de <strong>esecegroup.com<\/strong>, domiciliada en C\/ Vapor, 46, (Pol. Ind. La Ferrer\u00eda), Montcada i Reixac, 08110 &#8211; Barcelona, cuya raz\u00f3n social del Responsable del fichero es <strong>\u00c9SEC\u00c8 Soluciones Industriales, S.L. con NIF B-66659129<\/strong>, de cual es su pol\u00edtica de protecci\u00f3n de la privacidad y confidencialidad de los datos de car\u00e1cter personal que sus usuarios facilitan de forma libre y voluntaria.<\/p>\n\n\n\n<p>La recogida y tratamiento automatizado de los datos de car\u00e1cter personal tiene como finalidad principal el poder servir la informaci\u00f3n que nos solicita a trav\u00e9s de esta v\u00eda.&nbsp;<\/p>\n\n\n\n<p>Los destinatarios de esta informaci\u00f3n \u00fanicamente ser\u00e1n los departamentos en los que se organiza <strong>\u00c9SEC\u00c8 Soluciones Industriales, S.L.<\/strong> y entes colaboradores oportunos para el desempe\u00f1o de sus atribuciones y objeto social (que \u00fanicamente acceden a los datos en los t\u00e9rminos del art. 12 LOPD, sin que ello comporte en ning\u00fan caso una comunicaci\u00f3n de los datos), as\u00ed como la cesi\u00f3n a las entidades oficiales p\u00fablicas o privadas que lo exijan por Ley.<\/p>\n\n\n\n<p>\u00danicamente son obligatorios los campos NOMBRE, TEL\u00c9FONO y E-MAIL para poder proceder al env\u00edo de la solicitud de informaci\u00f3n a trav\u00e9s del formulario on-line.<\/p>\n\n\n\n<p>En el per\u00edodo de tiempo que transcurra entre la solicitud de consulta y nuestra respuesta, se garantiza el ejercicio de los derechos de acceso, cancelaci\u00f3n, rectificaci\u00f3n, oposici\u00f3n del usuario, a sus datos de car\u00e1cter personal que forman parte de nuestro fichero. Para ello dirigir\u00e1 su solicitud a trav\u00e9s del correo electr\u00f3nico lopd@esecegroup.com &nbsp;o bien a la direcci\u00f3n postal C\/ Vapor, 46, (Pol.Ind. La Ferrer\u00eda), Montcada i Reixac, 08110 &#8211; Barcelona.<\/p>\n\n\n\n<p>La Web <strong>esecegroup.com<\/strong> ha adoptado las medidas de \u00edndole t\u00e9cnica y organizativas necesarias, seg\u00fan el nivel de seguridad de protecci\u00f3n de datos que le corresponde legalmente, para garantizar la seguridad del tratamiento de datos de car\u00e1cter personal que constituyen su fichero automatizado. Sin embargo, el usuario debe ser consciente de que en la actualidad las medidas de seguridad en Internet no son inexpugnables y por lo tanto no se est\u00e1 a salvo de posibles intromisiones ilegales e indebidas, que no ser\u00edan responsabilidad de <strong>\u00c9SEC\u00c8 Soluciones Industriales, S.L.<\/strong>, ya que ella ha actuado con la diligencia debida para proteger los datos conforme determina la ley.<\/p>\n\n\n\n<p>La Web <strong>esecegroup.com<\/strong>&nbsp;no hace uso de ning\u00fan tipo de tratamiento invisible.<\/p>\n\n\n\n<p>La Web <strong>esecegroup.com<\/strong> &nbsp;har\u00e1 todo lo posible porque sus datos est\u00e9n siempre actualizados. No obstante, la responsabilidad acerca de la calidad de los datos depende del titular de ellos, de ah\u00ed que si existe alguna modificaci\u00f3n de los datos el usuario de la web los comunicar\u00e1 al Responsable del Fichero, declinando este toda responsabilidad en caso de que omita su obligaci\u00f3n de notificar los cambios.<\/p>\n\n\n\n<p>La prestaci\u00f3n del servicio de esta Web y las presentes condiciones de Uso del Sitio Web se rigen por la Ley espa\u00f1ola. Para cualquier discrepancia en la ejecuci\u00f3n, interpretaci\u00f3n, cumplimiento de estas condiciones, las partes se someten a los Juzgados y Tribunales de Barcelona.<\/p>\n","protected":false},"excerpt":{"rendered":"<p>El prop\u00f3sito de este Aviso Legal, es informar a los usuarios de esecegroup.com, domiciliada en C\/ Vapor, 46, (Pol. Ind. La Ferrer\u00eda), Montcada i Reixac, 08110 &#8211; Barcelona, cuya raz\u00f3n social del Responsable del fichero es \u00c9SEC\u00c8 Soluciones Industriales, S.L. con NIF B-66659129, de cual es su pol\u00edtica de protecci\u00f3n de la privacidad y confidencialidad [&hellip;]<\/p>\n","protected":false},"author":2,"featured_media":0,"parent":0,"menu_order":0,"comment_status":"closed","ping_status":"open","template":"","meta":{"inline_featured_image":false,"footnotes":""},"class_list":["post-3","page","type-page","status-publish","hentry"],"_links":{"self":[{"href":"https:\/\/www.esecegroup.com\/es\/wp-json\/wp\/v2\/pages\/3","targetHints":{"allow":["GET"]}}],"collection":[{"href":"https:\/\/www.esecegroup.com\/es\/wp-json\/wp\/v2\/pages"}],"about":[{"href":"https:\/\/www.esecegroup.com\/es\/wp-json\/wp\/v2\/types\/page"}],"author":[{"embeddable":true,"href":"https:\/\/www.esecegroup.com\/es\/wp-json\/wp\/v2\/users\/2"}],"replies":[{"embeddable":true,"href":"https:\/\/www.esecegroup.com\/es\/wp-json\/wp\/v2\/comments?post=3"}],"version-history":[{"count":1,"href":"https:\/\/www.esecegroup.com\/es\/wp-json\/wp\/v2\/pages\/3\/revisions"}],"predecessor-version":[{"id":6280,"href":"https:\/\/www.esecegroup.com\/es\/wp-json\/wp\/v2\/pages\/3\/revisions\/6280"}],"wp:attachment":[{"href":"https:\/\/www.esecegroup.com\/es\/wp-json\/wp\/v2\/media?parent=3"}],"curies":[{"name":"wp","href":"https:\/\/api.w.org\/{rel}","templated":true}]}}