{"id":6117,"date":"2025-12-09T09:20:48","date_gmt":"2025-12-09T09:20:48","guid":{"rendered":"https:\/\/www.esecegroup.com\/?page_id=6117"},"modified":"2026-02-02T09:49:27","modified_gmt":"2026-02-02T09:49:27","slug":"politica-de-calidad-y-medio-ambiente","status":"publish","type":"page","link":"https:\/\/www.esecegroup.com\/es\/politica-de-calidad-y-medio-ambiente\/","title":{"rendered":"Pol\u00edtica de calidad y Medio ambiente"},"content":{"rendered":"\n<p>\u00c9SEC\u00c8 GROUP, en su actividad de dise\u00f1o, fabricaci\u00f3n, venta, mantenimiento, instalaci\u00f3n y legalizaci\u00f3n de calderer\u00eda y fr\u00edo industrial, tiene por principio de actuaci\u00f3n un compromiso creciente y continuo por la total satisfacci\u00f3n del cliente y el respeto por el medio ambiente, asegurando en todo momento el cumplimiento de los requisitos del cliente, legales y\/o reglamentarios.&nbsp;<\/p>\n\n\n\n<p>Por ello, la Direcci\u00f3n de \u00c9SEC\u00c8 GROUP est\u00e1 comprometida con el liderazgo de su Sistema de Gesti\u00f3n Integrado de Calidad y Medio Ambiente basado en las siguientes directrices:<\/p>\n\n\n\n<ol start=\"1\" class=\"wp-block-list\">\n<li>Cumplimiento de los Requisitos Legales Ambientales y otros aplicables, as\u00ed como otros requisitos que la organizaci\u00f3n suscriba.<\/li>\n\n\n\n<li>Compromiso de Satisfacci\u00f3n del Cliente y necesidades y expectativas de las partes interesadas.<\/li>\n\n\n\n<li>Compromiso de mejora continua, estableciendo y verificando el cumplimiento de los objetivos y metas anuales.<\/li>\n\n\n\n<li>Fomento de la responsabilidad hacia el medioambiente a todos los niveles de la empresa, facilitando una adecuada formaci\u00f3n a todo el personal.<\/li>\n\n\n\n<li>Prevenci\u00f3n, control y minimizaci\u00f3n de los efectos ambientales generados en el entorno y derivados de la actividad de \u00c9SEC\u00c8, incluido el control de la contaminaci\u00f3n.<\/li>\n\n\n\n<li>Promoci\u00f3n de la implantaci\u00f3n de programas de segregaci\u00f3n en origen de residuos, para favorecer su posterior reutilizaci\u00f3n y\/o adecuada eliminaci\u00f3n.<\/li>\n\n\n\n<li>Incorporaci\u00f3n tanto en la planificaci\u00f3n estrat\u00e9gica, como en los programas de inversiones, de consideraciones de car\u00e1cter ambiental.<\/li>\n\n\n\n<li>Compromiso de Informaci\u00f3n a partes interesadas.<\/li>\n\n\n\n<li>Selecci\u00f3n de proveedores y subcontratistas en base a criterios de calidad y ambientales.<\/li>\n\n\n\n<li>Colaboraci\u00f3n con las autoridades medioambientales.<\/li>\n<\/ol>\n\n\n\n<p>La Direcci\u00f3n se compromete a facilitar los recursos humanos e infraestructura necesarios para cumplir con los requisitos, los objetivos y mejorar continuamente la eficacia de nuestro Sistema Integrado.<\/p>\n\n\n\n<p>ESECE Soluciones Industriales, S.L.<\/p>\n\n\n\n<p>24 de diciembre de 2025<\/p>\n","protected":false},"excerpt":{"rendered":"<p>\u00c9SEC\u00c8 GROUP, en su actividad de dise\u00f1o, fabricaci\u00f3n, venta, mantenimiento, instalaci\u00f3n y legalizaci\u00f3n de calderer\u00eda y fr\u00edo industrial, tiene por principio de actuaci\u00f3n un compromiso creciente y continuo por la total satisfacci\u00f3n del cliente y el respeto por el medio ambiente, asegurando en todo momento el cumplimiento de los requisitos del cliente, legales y\/o reglamentarios.&nbsp; [&hellip;]<\/p>\n","protected":false},"author":3,"featured_media":0,"parent":0,"menu_order":0,"comment_status":"closed","ping_status":"closed","template":"","meta":{"inline_featured_image":false,"footnotes":""},"class_list":["post-6117","page","type-page","status-publish","hentry"],"_links":{"self":[{"href":"https:\/\/www.esecegroup.com\/es\/wp-json\/wp\/v2\/pages\/6117","targetHints":{"allow":["GET"]}}],"collection":[{"href":"https:\/\/www.esecegroup.com\/es\/wp-json\/wp\/v2\/pages"}],"about":[{"href":"https:\/\/www.esecegroup.com\/es\/wp-json\/wp\/v2\/types\/page"}],"author":[{"embeddable":true,"href":"https:\/\/www.esecegroup.com\/es\/wp-json\/wp\/v2\/users\/3"}],"replies":[{"embeddable":true,"href":"https:\/\/www.esecegroup.com\/es\/wp-json\/wp\/v2\/comments?post=6117"}],"version-history":[{"count":2,"href":"https:\/\/www.esecegroup.com\/es\/wp-json\/wp\/v2\/pages\/6117\/revisions"}],"predecessor-version":[{"id":6287,"href":"https:\/\/www.esecegroup.com\/es\/wp-json\/wp\/v2\/pages\/6117\/revisions\/6287"}],"wp:attachment":[{"href":"https:\/\/www.esecegroup.com\/es\/wp-json\/wp\/v2\/media?parent=6117"}],"curies":[{"name":"wp","href":"https:\/\/api.w.org\/{rel}","templated":true}]}}